{"id":3317,"date":"2025-10-24T22:21:32","date_gmt":"2025-10-24T21:21:32","guid":{"rendered":"https:\/\/slotario.com\/?page_id=3317"},"modified":"2025-10-30T22:09:39","modified_gmt":"2025-10-30T21:09:39","slug":"nutzungsbedingungen","status":"publish","type":"page","link":"https:\/\/slotario.com\/en\/nutzungsbedingungen\/","title":{"rendered":"Nutzungsbedingungen"},"content":{"rendered":"<div data-elementor-type=\"wp-page\" data-elementor-id=\"3317\" class=\"elementor elementor-3317\" data-elementor-post-type=\"page\">\n\t\t\t\t<div class=\"elementor-element elementor-element-2727c2f e-flex e-con-boxed e-con e-parent\" data-id=\"2727c2f\" data-element_type=\"container\" data-e-type=\"container\">\n\t\t\t\t\t<div class=\"e-con-inner\">\n\t\t<div class=\"elementor-element elementor-element-d74c1a3 e-con-full e-flex e-con e-child\" data-id=\"d74c1a3\" data-element_type=\"container\" data-e-type=\"container\">\n\t\t\t\t<div class=\"elementor-element elementor-element-cf4d638 elementor-widget__width-inherit elementor-widget elementor-widget-heading\" data-id=\"cf4d638\" data-element_type=\"widget\" data-e-type=\"widget\" data-widget_type=\"heading.default\">\n\t\t\t\t\t<h1 class=\"elementor-heading-title elementor-size-default\">Nutzungsbedingungen<\/h1>\t\t\t\t<\/div>\n\t\t\t\t<div class=\"elementor-element elementor-element-0e7bb22 elementor-widget elementor-widget-text-editor\" data-id=\"0e7bb22\" data-element_type=\"widget\" data-e-type=\"widget\" data-widget_type=\"text-editor.default\">\n\t\t\t\t\t\t\t\t\t<p data-start=\"420\" data-end=\"640\"><strong>Diese Datenschutzrichtlinie erkl\u00e4rt, wie Slotario Ihre Daten sch\u00fctzt und verwendet, wenn Sie unsere Webseite <a href=\"https:\/\/slotario.com\/en\/\">Slotario.com<\/a> besuchen. Der Schutz Ihrer pers\u00f6nlichen Informationen hat f\u00fcr uns oberste Priorit\u00e4t.<\/strong><\/p>\t\t\t\t\t\t\t\t<\/div>\n\t\t\t\t<\/div>\n\t\t<div class=\"elementor-element elementor-element-4e875af e-con-full e-flex e-con e-child\" data-id=\"4e875af\" data-element_type=\"container\" data-e-type=\"container\" data-settings=\"{&quot;background_background&quot;:&quot;classic&quot;}\">\n\t\t\t\t<div class=\"elementor-element elementor-element-a7448df elementor-widget elementor-widget-heading\" data-id=\"a7448df\" data-element_type=\"widget\" data-e-type=\"widget\" data-widget_type=\"heading.default\">\n\t\t\t\t\t<h2 class=\"elementor-heading-title elementor-size-default\"> Verantwortlicher und Geltungsbereich<\/h2>\t\t\t\t<\/div>\n\t\t\t\t<div class=\"elementor-element elementor-element-2c90fb8 elementor-widget elementor-widget-text-editor\" data-id=\"2c90fb8\" data-element_type=\"widget\" data-e-type=\"widget\" data-widget_type=\"text-editor.default\">\n\t\t\t\t\t\t\t\t\t<p>Slotario (\u201ewir\u201c, \u201euns\u201c) ist verantwortlich f\u00fcr die Verarbeitung Ihrer Daten gem\u00e4\u00df der Datenschutz-Grundverordnung (DSGVO).<br data-start=\"818\" data-end=\"821\" \/>Unsere Website bietet Informationen, Vergleiche und Bewertungen zu Online Casinos.<br data-start=\"907\" data-end=\"910\" \/>Mit der Nutzung unserer Seite stimmen Sie den hier beschriebenen Datenschutz- und Cookie-Regeln zu.<br data-start=\"1009\" data-end=\"1012\" \/>Slotario richtet sich ausschlie\u00dflich an Personen \u00fcber 18 Jahre.<\/p>\t\t\t\t\t\t\t\t<\/div>\n\t\t\t\t<div class=\"elementor-element elementor-element-4ace978 elementor-widget elementor-widget-heading\" data-id=\"4ace978\" data-element_type=\"widget\" data-e-type=\"widget\" data-widget_type=\"heading.default\">\n\t\t\t\t\t<h2 class=\"elementor-heading-title elementor-size-default\">Welche Daten wir sammeln<\/h2>\t\t\t\t<\/div>\n\t\t\t\t<div class=\"elementor-element elementor-element-0c913cd elementor-widget elementor-widget-text-editor\" data-id=\"0c913cd\" data-element_type=\"widget\" data-e-type=\"widget\" data-widget_type=\"text-editor.default\">\n\t\t\t\t\t\t\t\t\t<p data-start=\"1117\" data-end=\"1226\">Wir erheben nur so viele Informationen, wie n\u00f6tig ist, um unsere Dienste bereitzustellen und zu verbessern.<\/p>\n<p><span style=\"color: #ffaa00;\"><strong>Personenbezogene Daten:<\/strong><\/span> Nur, wenn Sie uns aktiv kontaktieren (z. B. per E-Mail oder Formular).<\/p>\n<p data-start=\"1333\" data-end=\"1508\"><span style=\"color: #ffaa00;\"><strong>Technische Daten:<\/strong><\/span> Browsertyp, IP-Adresse, Ger\u00e4t, Sprache, Besuchszeiten und Nutzungsverhalten.<br data-start=\"1431\" data-end=\"1434\" \/>Diese Daten sind anonym und dienen ausschlie\u00dflich statistischen Zwecken.<\/p>\n<p data-start=\"1510\" data-end=\"1626\">Wir speichern keine sensiblen Daten wie Religion, Gesundheit, politische Ansichten oder Zahlungsinformationen.<\/p>\t\t\t\t\t\t\t\t<\/div>\n\t\t\t\t<div class=\"elementor-element elementor-element-2737f6c elementor-widget elementor-widget-heading\" data-id=\"2737f6c\" data-element_type=\"widget\" data-e-type=\"widget\" data-widget_type=\"heading.default\">\n\t\t\t\t\t<h2 class=\"elementor-heading-title elementor-size-default\">Verwendung Ihrer Daten<\/h2>\t\t\t\t<\/div>\n\t\t\t\t<div class=\"elementor-element elementor-element-b07ccf3 elementor-widget elementor-widget-text-editor\" data-id=\"b07ccf3\" data-element_type=\"widget\" data-e-type=\"widget\" data-widget_type=\"text-editor.default\">\n\t\t\t\t\t\t\t\t\t<p><span style=\"text-decoration: underline;\">Wir nutzen Ihre Daten, um:<\/span><\/p>\n<p>Ihre Anfragen zu beantworten,<\/p>\n<p>die Website sicher und funktionsf\u00e4hig zu halten,<\/p>\n<p>Inhalte und Nutzererfahrung zu verbessern,<\/p>\n<p>gesetzlichen Anforderungen zu entsprechen.<\/p>\n<p>Rechtsgrundlagen: berechtigtes Interesse, gesetzliche Verpflichtung oder Ihre Zustimmung.<\/p>\t\t\t\t\t\t\t\t<\/div>\n\t\t\t\t<div class=\"elementor-element elementor-element-e3eadae elementor-widget elementor-widget-heading\" data-id=\"e3eadae\" data-element_type=\"widget\" data-e-type=\"widget\" data-widget_type=\"heading.default\">\n\t\t\t\t\t<h2 class=\"elementor-heading-title elementor-size-default\">Cookies<\/h2>\t\t\t\t<\/div>\n\t\t\t\t<div class=\"elementor-element elementor-element-7e1d145 elementor-widget elementor-widget-text-editor\" data-id=\"7e1d145\" data-element_type=\"widget\" data-e-type=\"widget\" data-widget_type=\"text-editor.default\">\n\t\t\t\t\t\t\t\t\t<p>Unsere Website verwendet Cookies, um Leistung, Sicherheit und Nutzererlebnis zu verbessern.<\/p>\n<p><span style=\"text-decoration: underline; color: #ffaa00;\"><strong data-start=\"2085\" data-end=\"2120\">Arten von Cookies auf Slotario:<\/strong><\/span><\/p>\n<p><span style=\"text-decoration: underline; color: #ffaa00;\"><strong data-start=\"2085\" data-end=\"2120\">\u00a0<\/strong><\/span><\/p>\n<p data-start=\"2125\" data-end=\"2200\"><span style=\"color: #ffaa00;\"><strong data-start=\"2125\" data-end=\"2160\">Unbedingt erforderliche Cookies<\/strong>:<\/span> notwendig f\u00fcr den Betrieb der Seite.<\/p>\n<p data-start=\"2203\" data-end=\"2282\"><span style=\"color: #ffaa00;\"><strong data-start=\"2203\" data-end=\"2222\">Analyse-Cookies<\/strong>:<\/span> helfen uns, das Verhalten der Nutzer anonym auszuwerten.<\/p>\n<p data-start=\"2285\" data-end=\"2363\"><span style=\"color: #ffaa00;\"><strong data-start=\"2285\" data-end=\"2308\">Funktionale Cookies<\/strong>:<\/span> speichern Einstellungen f\u00fcr wiederkehrende Besuche.<\/p>\n<p>Wir setzen <span style=\"color: #ffaa00;\"><strong data-start=\"2376\" data-end=\"2414\">keine Werbe- oder Tracking-Cookies<\/strong><\/span> ein.<br data-start=\"2419\" data-end=\"2422\" \/>Durch die Nutzung der Website stimmen Sie der Verwendung der genannten Cookies zu.<br data-start=\"2504\" data-end=\"2507\" \/>Sie k\u00f6nnen Cookies jederzeit \u00fcber Ihre Browser-Einstellungen deaktivieren.<\/p>\t\t\t\t\t\t\t\t<\/div>\n\t\t\t\t<div class=\"elementor-element elementor-element-40c037b elementor-widget elementor-widget-heading\" data-id=\"40c037b\" data-element_type=\"widget\" data-e-type=\"widget\" data-widget_type=\"heading.default\">\n\t\t\t\t\t<h2 class=\"elementor-heading-title elementor-size-default\">Weitergabe von Daten<\/h2>\t\t\t\t<\/div>\n\t\t\t\t<div class=\"elementor-element elementor-element-3d43820 elementor-widget elementor-widget-text-editor\" data-id=\"3d43820\" data-element_type=\"widget\" data-e-type=\"widget\" data-widget_type=\"text-editor.default\">\n\t\t\t\t\t\t\t\t\t<p><span style=\"color: #ffaa00;\">Slotario verkauft keine Nutzerdaten.<\/span><br data-start=\"2708\" data-end=\"2711\" \/><span style=\"color: #ffaa00;\">Daten werden nur weitergegeben, wenn:<\/span><\/p>\n<p data-start=\"2754\" data-end=\"2791\">dies gesetzlich vorgeschrieben ist, technische Dienstleister (Hosting, Analyse) eingebunden sind, Sicherheitsma\u00dfnahmen oder Betrugspr\u00e4vention erforderlich sind.<\/p>\n<p>Alle Partner sind verpflichtet, die DSGVO einzuhalten.<\/p>\t\t\t\t\t\t\t\t<\/div>\n\t\t\t\t<div class=\"elementor-element elementor-element-26b12eb elementor-widget elementor-widget-heading\" data-id=\"26b12eb\" data-element_type=\"widget\" data-e-type=\"widget\" data-widget_type=\"heading.default\">\n\t\t\t\t\t<h2 class=\"elementor-heading-title elementor-size-default\">Datenspeicherung und Sicherheit<\/h2>\t\t\t\t<\/div>\n\t\t\t\t<div class=\"elementor-element elementor-element-ca790fa elementor-widget elementor-widget-text-editor\" data-id=\"ca790fa\" data-element_type=\"widget\" data-e-type=\"widget\" data-widget_type=\"text-editor.default\">\n\t\t\t\t\t\t\t\t\t<p data-start=\"3029\" data-end=\"3295\">Wir speichern Daten nur so lange, wie es f\u00fcr die jeweiligen Zwecke notwendig ist.<br data-start=\"3110\" data-end=\"3113\" \/>Unsere Server und Systeme sind durch technische und organisatorische Ma\u00dfnahmen gesch\u00fctzt.<br data-start=\"3202\" data-end=\"3205\" \/>Trotz aller Sicherheitsvorkehrungen erfolgt jede Internet\u00fcbertragung auf eigenes Risiko.<\/p>\n<p data-start=\"3297\" data-end=\"3434\">Slotario kann Daten in L\u00e4nder au\u00dferhalb der EU \u00fcbertragen. Dabei stellen wir sicher, dass ein gleichwertiges Datenschutzniveau besteht.<\/p>\t\t\t\t\t\t\t\t<\/div>\n\t\t\t\t<div class=\"elementor-element elementor-element-5c6cad6 elementor-widget elementor-widget-heading\" data-id=\"5c6cad6\" data-element_type=\"widget\" data-e-type=\"widget\" data-widget_type=\"heading.default\">\n\t\t\t\t\t<h2 class=\"elementor-heading-title elementor-size-default\">Ihre Rechte nach DSGVO<\/h2>\t\t\t\t<\/div>\n\t\t\t\t<div class=\"elementor-element elementor-element-39ea9f5 elementor-widget elementor-widget-text-editor\" data-id=\"39ea9f5\" data-element_type=\"widget\" data-e-type=\"widget\" data-widget_type=\"text-editor.default\">\n\t\t\t\t\t\t\t\t\t<p data-start=\"3472\" data-end=\"3508\"><span style=\"text-decoration: underline; color: #ffaa00;\">Sie haben jederzeit das Recht auf:<\/span><\/p>\n<ul data-start=\"3510\" data-end=\"3780\">\n<li data-start=\"3510\" data-end=\"3551\">\n<p data-start=\"3512\" data-end=\"3551\"><span style=\"color: #ffaa00;\"><strong data-start=\"3512\" data-end=\"3524\">Auskunft<\/strong><\/span> \u00fcber gespeicherte Daten,<\/p>\n<\/li>\n<li data-start=\"3552\" data-end=\"3588\">\n<p data-start=\"3554\" data-end=\"3588\"><span style=\"color: #ffaa00;\"><strong data-start=\"3554\" data-end=\"3570\">Berichtigung<\/strong><\/span> falscher Daten,<\/p>\n<\/li>\n<li data-start=\"3589\" data-end=\"3636\">\n<p data-start=\"3591\" data-end=\"3636\"><span style=\"color: #ffaa00;\"><strong data-start=\"3591\" data-end=\"3603\">L\u00f6schung<\/strong><\/span> (\u201eRecht auf Vergessenwerden\u201c),<\/p>\n<\/li>\n<li data-start=\"3637\" data-end=\"3676\">\n<p data-start=\"3639\" data-end=\"3676\"><span style=\"color: #ffaa00;\"><strong data-start=\"3639\" data-end=\"3656\">Einschr\u00e4nkung<\/strong> <\/span>der Verarbeitung,<\/p>\n<\/li>\n<li data-start=\"3677\" data-end=\"3721\">\n<p data-start=\"3679\" data-end=\"3721\"><span style=\"color: #ffaa00;\"><strong data-start=\"3679\" data-end=\"3694\">Widerspruch<\/strong><\/span> gegen Datenverarbeitung,<\/p>\n<\/li>\n<li data-start=\"3722\" data-end=\"3780\">\n<p data-start=\"3724\" data-end=\"3780\"><span style=\"color: #ffaa00;\"><strong data-start=\"3724\" data-end=\"3739\">\u00dcbertragung<\/strong><\/span> Ihrer Daten in maschinenlesbarer Form.<\/p>\n<\/li>\n<\/ul>\n<p data-start=\"3782\" data-end=\"3922\">Zur Aus\u00fcbung dieser Rechte kontaktieren Sie uns bitte unter <span style=\"color: #ffaa00;\"><strong>reachme<a class=\"decorated-link cursor-pointer\" style=\"color: #ffaa00;\" rel=\"noopener\" data-start=\"3844\" data-end=\"3864\">@slotario.com<\/a><\/strong><\/span>.<br data-start=\"3867\" data-end=\"3870\" \/>Wir antworten in der Regel innerhalb von 30 Tagen.<\/p>\t\t\t\t\t\t\t\t<\/div>\n\t\t\t\t<div class=\"elementor-element elementor-element-c147234 elementor-widget elementor-widget-heading\" data-id=\"c147234\" data-element_type=\"widget\" data-e-type=\"widget\" data-widget_type=\"heading.default\">\n\t\t\t\t\t<h2 class=\"elementor-heading-title elementor-size-default\">Minderj\u00e4hrige<\/h2>\t\t\t\t<\/div>\n\t\t\t\t<div class=\"elementor-element elementor-element-70f82d1 elementor-widget elementor-widget-text-editor\" data-id=\"70f82d1\" data-element_type=\"widget\" data-e-type=\"widget\" data-widget_type=\"text-editor.default\">\n\t\t\t\t\t\t\t\t\t<p>Slotario richtet sich nur an Erwachsene \u00fcber 18 Jahre. Wir speichern keine Daten Minderj\u00e4hriger. Sollten solche Informationen versehentlich \u00fcbermittelt werden, werden sie gel\u00f6scht.<\/p>\t\t\t\t\t\t\t\t<\/div>\n\t\t\t\t<div class=\"elementor-element elementor-element-17647b4 elementor-widget elementor-widget-heading\" data-id=\"17647b4\" data-element_type=\"widget\" data-e-type=\"widget\" data-widget_type=\"heading.default\">\n\t\t\t\t\t<h2 class=\"elementor-heading-title elementor-size-default\">\u00c4nderungen dieser Richtlinie<\/h2>\t\t\t\t<\/div>\n\t\t\t\t<div class=\"elementor-element elementor-element-9d408ff elementor-widget elementor-widget-text-editor\" data-id=\"9d408ff\" data-element_type=\"widget\" data-e-type=\"widget\" data-widget_type=\"text-editor.default\">\n\t\t\t\t\t\t\t\t\t<p>Diese Datenschutzrichtlinie kann gelegentlich angepasst werden, um rechtlichen oder technischen \u00c4nderungen zu entsprechen. Die aktuelle Version finden Sie immer auf <strong data-start=\"4348\" data-end=\"4368\"><a class=\"decorated-link cursor-pointer\" href=\"https:\/\/slotario.com\/en\/\" data-start=\"4350\" data-end=\"4366\">Slotario.com<\/a><\/strong>. Mit weiterer Nutzung der Website akzeptieren Sie die aktualisierten Bedingungen.<\/p>\t\t\t\t\t\t\t\t<\/div>\n\t\t\t\t<div class=\"elementor-element elementor-element-c933448 elementor-widget elementor-widget-heading\" data-id=\"c933448\" data-element_type=\"widget\" data-e-type=\"widget\" data-widget_type=\"heading.default\">\n\t\t\t\t\t<h2 class=\"elementor-heading-title elementor-size-default\">Kontakt<\/h2>\t\t\t\t<\/div>\n\t\t\t\t<div class=\"elementor-element elementor-element-117dc88 elementor-widget-tablet__width-inherit elementor-widget elementor-widget-text-editor\" data-id=\"117dc88\" data-element_type=\"widget\" data-e-type=\"widget\" data-widget_type=\"text-editor.default\">\n\t\t\t\t\t\t\t\t\t<p data-start=\"4478\" data-end=\"4538\">Fragen oder Anliegen zum Datenschutz richten Sie bitte an:<\/p>\n<p data-start=\"4540\" data-end=\"4643\"><span style=\"text-decoration: underline;\"><strong data-start=\"4540\" data-end=\"4576\">Slotario Datenschutzbeauftragter<\/strong><\/span><br data-start=\"4576\" data-end=\"4579\" \/>E-Mail: <span style=\"color: #ffaa00;\"><strong>reachme<a class=\"decorated-link cursor-pointer\" style=\"color: #ffaa00;\" rel=\"noopener\" data-start=\"4589\" data-end=\"4609\">@slotario.com<\/a><\/strong><\/span><br data-start=\"4611\" data-end=\"4614\" \/>Website: <span style=\"color: #ffaa00;\"><strong data-start=\"4623\" data-end=\"4643\"><a class=\"decorated-link cursor-pointer\" style=\"color: #ffaa00;\" target=\"_new\" rel=\"noopener\" data-start=\"4625\" data-end=\"4641\">www.slotario.com<\/a><\/strong><\/span><\/p>\t\t\t\t\t\t\t\t<\/div>\n\t\t\t\t<\/div>\n\t\t\t\t\t<\/div>\n\t\t\t\t<\/div>\n\t\t\t\t<\/div>","protected":false},"excerpt":{"rendered":"<p>Nutzungsbedingungen Diese Datenschutzrichtlinie erkl\u00e4rt, wie Slotario Ihre Daten sch\u00fctzt und verwendet, wenn Sie unsere Webseite Slotario.com besuchen. Der Schutz Ihrer pers\u00f6nlichen Informationen hat f\u00fcr uns oberste Priorit\u00e4t. Verantwortlicher und Geltungsbereich Slotario (\u201ewir\u201c, \u201euns\u201c) ist verantwortlich f\u00fcr die Verarbeitung Ihrer Daten gem\u00e4\u00df der Datenschutz-Grundverordnung (DSGVO).Unsere Website bietet Informationen, Vergleiche und Bewertungen zu Online Casinos.Mit der Nutzung [&hellip;]<\/p>\n","protected":false},"author":1,"featured_media":0,"parent":0,"menu_order":0,"comment_status":"closed","ping_status":"closed","template":"","meta":{"_seopress_robots_primary_cat":"","_seopress_titles_title":"%%sitetitle%% %%sep%% Nutzungsbedingungen bei Slotario","_seopress_titles_desc":"Informiere dich \u00fcber die Nutzungsbedingungen von Slotario. Hier findest du alle rechtlichen Hinweise, Datenschutz und Partnerprogrammen.","_seopress_robots_index":"","_seopress_analysis_target_kw":"","footnotes":""},"class_list":["post-3317","page","type-page","status-publish","hentry"],"_links":{"self":[{"href":"https:\/\/slotario.com\/en\/wp-json\/wp\/v2\/pages\/3317","targetHints":{"allow":["GET"]}}],"collection":[{"href":"https:\/\/slotario.com\/en\/wp-json\/wp\/v2\/pages"}],"about":[{"href":"https:\/\/slotario.com\/en\/wp-json\/wp\/v2\/types\/page"}],"author":[{"embeddable":true,"href":"https:\/\/slotario.com\/en\/wp-json\/wp\/v2\/users\/1"}],"replies":[{"embeddable":true,"href":"https:\/\/slotario.com\/en\/wp-json\/wp\/v2\/comments?post=3317"}],"version-history":[{"count":10,"href":"https:\/\/slotario.com\/en\/wp-json\/wp\/v2\/pages\/3317\/revisions"}],"predecessor-version":[{"id":3935,"href":"https:\/\/slotario.com\/en\/wp-json\/wp\/v2\/pages\/3317\/revisions\/3935"}],"wp:attachment":[{"href":"https:\/\/slotario.com\/en\/wp-json\/wp\/v2\/media?parent=3317"}],"curies":[{"name":"wp","href":"https:\/\/api.w.org\/{rel}","templated":true}]}}